{"id":28,"date":"2026-02-10T14:54:54","date_gmt":"2026-02-10T13:54:54","guid":{"rendered":"https:\/\/driveon.com.pl\/?page_id=28"},"modified":"2026-03-11T13:24:57","modified_gmt":"2026-03-11T12:24:57","slug":"strona-glowna","status":"publish","type":"page","link":"https:\/\/driveon.com.pl\/","title":{"rendered":"Driveon"},"content":{"rendered":"\n<div class=\"wp-block-cover\" style=\"min-height:650px;aspect-ratio:unset;\"><img loading=\"lazy\" decoding=\"async\" width=\"2560\" height=\"1707\" class=\"wp-block-cover__image-background wp-image-171 size-full\" alt=\"\" src=\"https:\/\/driveon.com.pl\/wp-content\/uploads\/2026\/03\/pexels-sami-aksu-48867324-8931961-scaled.jpg\" style=\"object-position:49% 47%\" data-object-fit=\"cover\" data-object-position=\"49% 47%\" srcset=\"https:\/\/driveon.com.pl\/wp-content\/uploads\/2026\/03\/pexels-sami-aksu-48867324-8931961-scaled.jpg 2560w, https:\/\/driveon.com.pl\/wp-content\/uploads\/2026\/03\/pexels-sami-aksu-48867324-8931961-300x200.jpg 300w, https:\/\/driveon.com.pl\/wp-content\/uploads\/2026\/03\/pexels-sami-aksu-48867324-8931961-1024x683.jpg 1024w, https:\/\/driveon.com.pl\/wp-content\/uploads\/2026\/03\/pexels-sami-aksu-48867324-8931961-768x512.jpg 768w, https:\/\/driveon.com.pl\/wp-content\/uploads\/2026\/03\/pexels-sami-aksu-48867324-8931961-1536x1024.jpg 1536w, https:\/\/driveon.com.pl\/wp-content\/uploads\/2026\/03\/pexels-sami-aksu-48867324-8931961-2048x1365.jpg 2048w, https:\/\/driveon.com.pl\/wp-content\/uploads\/2026\/03\/pexels-sami-aksu-48867324-8931961-930x620.jpg 930w\" sizes=\"auto, (max-width: 2560px) 100vw, 2560px\" \/><span aria-hidden=\"true\" class=\"wp-block-cover__background has-background-dim\" style=\"background-color:#696f69\"><\/span><div class=\"wp-block-cover__inner-container is-layout-constrained wp-block-cover-is-layout-constrained\">\n<p class=\"has-text-align-center has-large-font-size\">Transport samochod\u00f3w w Polsce i UE<br><br>Organizujemy bezpieczny transport samochod\u00f3w osobowych i dostawczych<\/p>\n\n\n\n<div class=\"wp-block-buttons is-horizontal is-content-justification-center is-layout-flex wp-container-core-buttons-is-layout-499968f5 wp-block-buttons-is-layout-flex\">\n<div class=\"wp-block-button has-custom-width wp-block-button__width-50 is-style-primary\"><a class=\"wp-block-button__link has-background wp-element-button\" href=\"https:\/\/driveon.com.pl\/?page_id=30\" style=\"background-color:#ff7a00\">Wyce\u0144 transport<\/a><\/div>\n<\/div>\n<\/div><\/div>\n\n\n\n\n\n<div class=\"wp-block-group has-nv-site-bg-background-color has-background has-medium-font-size is-content-justification-center is-nowrap is-layout-flex wp-container-core-group-is-layout-5384dc6e wp-block-group-is-layout-flex\" style=\"border-top-left-radius:0px;border-top-right-radius:0px;border-bottom-left-radius:0px;border-bottom-right-radius:0px;padding-top:0;padding-right:0;padding-bottom:0;padding-left:0;font-style:normal;font-weight:800\">\n<div class=\"wp-block-columns has-nv-text-dark-bg-background-color has-background wp-container-content-9cfa9a5a is-layout-flex wp-container-core-columns-is-layout-9d6595d7 wp-block-columns-is-layout-flex\" style=\"border-style:none;border-width:0px;border-top-left-radius:0px;border-top-right-radius:0px;border-bottom-left-radius:0px;border-bottom-right-radius:0px\">\n<div class=\"wp-block-column is-layout-flow wp-block-column-is-layout-flow\">\n<h2 class=\"wp-block-heading has-text-align-center has-large-font-size\">1\ufe0f\u20e3\ud83d\udce9Zapytanie<\/h2>\n\n\n\n<p class=\"has-text-align-center\">Wy\u015blij nam informacje o trasie i samochodzie.<\/p>\n<\/div>\n\n\n\n<div class=\"wp-block-column is-layout-flow wp-block-column-is-layout-flow\">\n<h2 class=\"wp-block-heading has-text-align-center has-large-font-size\">2\ufe0f\u20e3\ud83d\udcb0<br>Wycena<\/h2>\n\n\n\n<p class=\"has-text-align-center\">Dobieramy \u015brodek transportu i przygotowujemy ofert\u0119.<\/p>\n<\/div>\n\n\n\n<div class=\"wp-block-column is-layout-flow wp-block-column-is-layout-flow\">\n<h2 class=\"wp-block-heading has-text-align-center has-large-font-size\">3\ufe0f\u20e3\ud83d\ude9bTransport<\/h2>\n\n\n\n<p class=\"has-text-align-center\">Organizujemy transport pojazdu.<\/p>\n<\/div>\n\n\n\n<div class=\"wp-block-column is-layout-flow wp-block-column-is-layout-flow\">\n<h2 class=\"wp-block-heading has-text-align-center has-large-font-size\">4\ufe0f\u20e3\ud83d\udccdDostawa<\/h2>\n\n\n\n<p class=\"has-text-align-center\">Samoch\u00f3d trafia pod wskazany adres.<\/p>\n<\/div>\n<\/div>\n<\/div>\n\n\n\n<div class=\"wp-block-group has-background has-medium-font-size is-content-justification-center is-nowrap is-layout-flex wp-container-core-group-is-layout-94bc23d7 wp-block-group-is-layout-flex\" style=\"background-color:#f5f7fa;font-style:normal;font-weight:800\">\n<div class=\"wp-block-columns is-layout-flex wp-container-core-columns-is-layout-9d6595d7 wp-block-columns-is-layout-flex\">\n<div class=\"wp-block-column is-layout-flow wp-block-column-is-layout-flow\">\n<div class=\"wp-block-columns is-layout-flex wp-container-core-columns-is-layout-9d6595d7 wp-block-columns-is-layout-flex\">\n<div class=\"wp-block-column is-layout-flow wp-block-column-is-layout-flow\">\n<h2 class=\"wp-block-heading has-text-align-center\">\ud83d\ude97 Samochody osobowe<\/h2>\n\n\n\n<p class=\"has-text-align-center\">Transport samochod\u00f3w osobowych na terenie Polski i ca\u0142ej UE.<\/p>\n<\/div>\n\n\n\n<div class=\"wp-block-column is-layout-flow wp-block-column-is-layout-flow\">\n<h2 class=\"wp-block-heading has-text-align-center\">\ud83d\ude90 Samochody dostawcze<\/h2>\n\n\n\n<p class=\"has-text-align-center\">Organizujemy transport pojazd\u00f3w dostawczych dla firm i klient\u00f3w indywidualnych.<\/p>\n<\/div>\n\n\n\n<div class=\"wp-block-column is-layout-flow wp-block-column-is-layout-flow\">\n<h2 class=\"wp-block-heading has-text-align-center\">\ud83d\ude9b Transport z aukcji<\/h2>\n\n\n\n<p class=\"has-text-align-center\">Odbieramy pojazdy z aukcji samochodowych w Europie.<\/p>\n<\/div>\n\n\n\n<div class=\"wp-block-column is-layout-flow wp-block-column-is-layout-flow\">\n<h2 class=\"wp-block-heading has-text-align-center\">\ud83d\ude99 Transport z komis\u00f3w<\/h2>\n\n\n\n<p class=\"has-text-align-center\">Transport pojazd\u00f3w z komis\u00f3w i dealer\u00f3w samochodowych.<\/p>\n<\/div>\n<\/div>\n<\/div>\n<\/div>\n<\/div>\n\n\n\n<div class=\"wp-block-cover is-light has-small-font-size\" style=\"min-height:250px;aspect-ratio:unset;\"><video class=\"wp-block-cover__video-background intrinsic-ignore\" autoplay muted loop playsinline src=\"http:\/\/driveon.com.pl\/wp-content\/uploads\/2026\/03\/254465_medium.mp4\" data-object-fit=\"cover\"><\/video><span aria-hidden=\"true\" class=\"wp-block-cover__background has-background-dim-60 has-background-dim\" style=\"background-color:#FFF\"><\/span><div class=\"wp-block-cover__inner-container is-layout-constrained wp-block-cover-is-layout-constrained\">\n<p class=\"has-text-align-center has-medium-font-size\">Transport samochod\u00f3w na terenie Europy<\/p>\n<\/div><\/div>\n\n\n\n\n\n<p class=\"has-text-align-center\">Organizujemy transport pojazd\u00f3w z Niemiec, Belgii, Holandii, Francji oraz innych kraj\u00f3w UE.<br>Obs\u0142ugujemy komisy, dealer\u00f3w i klient\u00f3w indywidualnych.<\/p>\n\n\n\n<div class=\"wp-block-columns is-layout-flex wp-container-core-columns-is-layout-9d6595d7 wp-block-columns-is-layout-flex\">\n<div class=\"wp-block-column is-layout-flow wp-block-column-is-layout-flow\">\n<h2 class=\"wp-block-heading\">\ud83c\udde9\ud83c\uddea Niemcy<\/h2>\n<\/div>\n\n\n\n<div class=\"wp-block-column is-layout-flow wp-block-column-is-layout-flow\">\n<h2 class=\"wp-block-heading\">\ud83c\udde7\ud83c\uddea Belgia<\/h2>\n<\/div>\n\n\n\n<div class=\"wp-block-column is-layout-flow wp-block-column-is-layout-flow\">\n<h2 class=\"wp-block-heading\">\ud83c\uddf3\ud83c\uddf1 Holandia<\/h2>\n<\/div>\n\n\n\n<div class=\"wp-block-column is-layout-flow wp-block-column-is-layout-flow\">\n<h2 class=\"wp-block-heading\">\ud83c\uddeb\ud83c\uddf7 Francja<\/h2>\n<\/div>\n\n\n\n<div class=\"wp-block-column is-layout-flow wp-block-column-is-layout-flow\">\n<h2 class=\"wp-block-heading\">\ud83c\uddea\ud83c\uddfaUE<\/h2>\n<\/div>\n<\/div>\n\n\n\n<div class=\"wp-block-columns has-background is-layout-flex wp-container-core-columns-is-layout-9d6595d7 wp-block-columns-is-layout-flex\" style=\"background-color:#f5f7fa\">\n<div class=\"wp-block-column is-vertically-aligned-center is-layout-flow wp-block-column-is-layout-flow\">\n<h2 class=\"wp-block-heading has-text-align-left\">Dlaczego my<\/h2>\n\n\n\n<p class=\"has-text-align-left\">\u2714 transport w Polsce i UE<br>\u2714 szybka wycena transportu<br>\u2714 obs\u0142uga komis\u00f3w i importer\u00f3w<br>\u2714 sta\u0142a wsp\u00f3\u0142praca B2B<\/p>\n<\/div>\n\n\n\n<div class=\"wp-block-column is-layout-flow wp-block-column-is-layout-flow\">\n<h2 class=\"wp-block-heading has-text-align-left\">Dla kogo jest nasza us\u0142uga<\/h2>\n\n\n\n<p class=\"has-text-align-left\">\u2714 komisy samochodowe<br>\u2714 importerzy aut<br>\u2714 dealerzy samochodowi<br>\u2714 klienci indywidualni<\/p>\n<\/div>\n<\/div>\n\n\n\n<div class=\"wp-block-columns is-layout-flex wp-container-core-columns-is-layout-abbe5815 wp-block-columns-is-layout-flex\" style=\"border-style:none;border-width:0px;border-top-left-radius:0px;border-top-right-radius:0px;border-bottom-left-radius:0px;border-bottom-right-radius:0px;padding-top:0;padding-right:0;padding-bottom:0;padding-left:0\">\n<div class=\"wp-block-column is-layout-flow wp-block-column-is-layout-flow\" style=\"padding-top:0px;padding-bottom:0px\">\n<h2 class=\"wp-block-heading has-text-align-center\">Skontaktuj si\u0119 z nami i otrzymaj wycen\u0119 transportu samochodu.<\/h2>\n<\/div>\n\n\n\n<div class=\"wp-block-column is-layout-flow wp-block-column-is-layout-flow\" style=\"letter-spacing:50px\">\n<div class=\"wp-block-buttons is-content-justification-space-between is-layout-flex wp-container-core-buttons-is-layout-92ad474a wp-block-buttons-is-layout-flex\">\n<div class=\"wp-block-button has-custom-width wp-block-button__width-100 is-style-default\"><a class=\"wp-block-button__link has-background wp-element-button\" href=\"https:\/\/driveon.com.pl\/?page_id=30\" style=\"background-color:#ff7a00;padding-top:28px;padding-bottom:28px\">Wyce\u0144 transport<\/a><\/div>\n<\/div>\n<\/div>\n<\/div>\n","protected":false},"excerpt":{"rendered":"<p>1\ufe0f\u20e3\ud83d\udce9Zapytanie Wy\u015blij nam informacje o trasie i samochodzie. 2\ufe0f\u20e3\ud83d\udcb0Wycena Dobieramy \u015brodek transportu i przygotowujemy ofert\u0119. 3\ufe0f\u20e3\ud83d\ude9bTransport Organizujemy transport pojazdu. 4\ufe0f\u20e3\ud83d\udccdDostawa Samoch\u00f3d trafia pod wskazany adres. \ud83d\ude97 Samochody osobowe Transport samochod\u00f3w osobowych na terenie Polski i ca\u0142ej UE. \ud83d\ude90 Samochody dostawcze Organizujemy transport pojazd\u00f3w dostawczych dla firm i klient\u00f3w indywidualnych. \ud83d\ude9b Transport z aukcji Odbieramy pojazdy&hellip;&nbsp;<\/p>\n","protected":false},"author":1,"featured_media":0,"parent":0,"menu_order":0,"comment_status":"closed","ping_status":"closed","template":"","meta":{"neve_meta_sidebar":"","neve_meta_container":"","neve_meta_enable_content_width":"on","neve_meta_content_width":100,"neve_meta_title_alignment":"","neve_meta_author_avatar":"","neve_post_elements_order":"","neve_meta_disable_header":"","neve_meta_disable_footer":"","neve_meta_disable_title":"on","footnotes":""},"class_list":["post-28","page","type-page","status-publish","hentry"],"_links":{"self":[{"href":"https:\/\/driveon.com.pl\/index.php?rest_route=\/wp\/v2\/pages\/28","targetHints":{"allow":["GET"]}}],"collection":[{"href":"https:\/\/driveon.com.pl\/index.php?rest_route=\/wp\/v2\/pages"}],"about":[{"href":"https:\/\/driveon.com.pl\/index.php?rest_route=\/wp\/v2\/types\/page"}],"author":[{"embeddable":true,"href":"https:\/\/driveon.com.pl\/index.php?rest_route=\/wp\/v2\/users\/1"}],"replies":[{"embeddable":true,"href":"https:\/\/driveon.com.pl\/index.php?rest_route=%2Fwp%2Fv2%2Fcomments&post=28"}],"version-history":[{"count":155,"href":"https:\/\/driveon.com.pl\/index.php?rest_route=\/wp\/v2\/pages\/28\/revisions"}],"predecessor-version":[{"id":401,"href":"https:\/\/driveon.com.pl\/index.php?rest_route=\/wp\/v2\/pages\/28\/revisions\/401"}],"wp:attachment":[{"href":"https:\/\/driveon.com.pl\/index.php?rest_route=%2Fwp%2Fv2%2Fmedia&parent=28"}],"curies":[{"name":"wp","href":"https:\/\/api.w.org\/{rel}","templated":true}]}}